{"id":921,"date":"2024-05-19T02:05:19","date_gmt":"2024-05-19T00:05:19","guid":{"rendered":"https:\/\/www.fhgreinigung.at\/?page_id=921"},"modified":"2024-05-19T02:08:51","modified_gmt":"2024-05-19T00:08:51","slug":"impressum","status":"publish","type":"page","link":"https:\/\/www.fhgreinigung.at\/en\/impressum\/","title":{"rendered":"Impressum"},"content":{"rendered":"<div data-elementor-type=\"wp-post\" data-elementor-id=\"921\" class=\"elementor elementor-921\">\n\t\t\t\t<div class=\"elementor-element elementor-element-7270f31 e-flex e-con-boxed e-con e-parent\" data-id=\"7270f31\" data-element_type=\"container\">\n\t\t\t\t\t<div class=\"e-con-inner\">\n\t\t\t\t<div class=\"elementor-element elementor-element-b3a48c2 elementor-widget elementor-widget-text-editor\" data-id=\"b3a48c2\" data-element_type=\"widget\" data-widget_type=\"text-editor.default\">\n\t\t\t\t<div class=\"elementor-widget-container\">\n\t\t\t<style>\/*! elementor - v3.21.0 - 08-05-2024 *\/\n.elementor-widget-text-editor.elementor-drop-cap-view-stacked .elementor-drop-cap{background-color:#69727d;color:#fff}.elementor-widget-text-editor.elementor-drop-cap-view-framed .elementor-drop-cap{color:#69727d;border:3px solid;background-color:transparent}.elementor-widget-text-editor:not(.elementor-drop-cap-view-default) .elementor-drop-cap{margin-top:8px}.elementor-widget-text-editor:not(.elementor-drop-cap-view-default) .elementor-drop-cap-letter{width:1em;height:1em}.elementor-widget-text-editor .elementor-drop-cap{float:left;text-align:center;line-height:1;font-size:50px}.elementor-widget-text-editor .elementor-drop-cap-letter{display:inline-block}<\/style>\t\t\t\t<p style=\"text-align: left;\"><strong>FHG Reinigung GmbH<\/strong><br \/>Museumstra\u00dfe 3b\/16<br \/>1070 Wien<br \/>\u00d6sterreich<br \/>Telefon: +43 660 848 53 75<br \/>Web:\u00a0<a href=\"https:\/\/www.fhgreinigung.at\/en\/\" target=\"_blank\" rel=\"noopener\" data-saferedirecturl=\"https:\/\/www.google.com\/url?q=http:\/\/www.fhgreinigung.at&amp;source=gmail&amp;ust=1716155239784000&amp;usg=AOvVaw3T605M-nBxF9s0uV3OMhol\">www.fhgreinigung.at<\/a><br \/>E-Mail:\u00a0<a href=\"mailto:info@fhgreinigung.at\" target=\"_blank\" rel=\"noopener\">info@fhgreinigung.at<\/a><\/p><p style=\"text-align: left;\"><br \/>Firmenbuchnummer: 600539x<br \/>Firmenbuchgericht: Handelsgericht Wien<br \/>Firmensitz: Wien<br \/>Umsatzsteuer-<wbr \/>Identifikationsnummer: \u2013<br \/>Gesch\u00e4ftsf\u00fchrung: Ing. Michaela Dlh\u00e1, Ing. Jakub Dlh\u00fd<br \/><br \/>Gewerbebeh\u00f6rde:<br \/>Magistratisches Bezirksamt f\u00fcr den 6.\/7. Bezirk<br \/>Tel: +43 1 4000 07000<br \/>Fax: +43 1 4000 99 07220<br \/>Web:\u00a0<a href=\"http:\/\/www.wien.gv.at\/mba\/\" target=\"_blank\" rel=\"noopener\" data-saferedirecturl=\"https:\/\/www.google.com\/url?q=http:\/\/www.wien.gv.at\/mba\/&amp;source=gmail&amp;ust=1716155239784000&amp;usg=AOvVaw2qRRzm0QDNUXATRUR75zAX\">http:\/\/www.wien.gv.at\/mba\/<\/a><br \/>E-Mail:\u00a0<a href=\"mailto:post@mba06.wien.gv.at\" target=\"_blank\" rel=\"noopener\">post@mba06.wien.gv.at<\/a><br \/>\u00a0<br \/>Unternehmensgegenstand:<br \/>\u00b7 Dienstleistungen eines Netzingenieurs<br \/>\u00b7 Kanalreinigung<br \/>\u00b7 Kamerabefahrung und Inspektion<br \/><br \/>Mitgliedschaften bei der Wirtschaftskammerorganisation<\/p>\t\t\t\t\t\t<\/div>\n\t\t\t\t<\/div>\n\t\t\t\t\t<\/div>\n\t\t\t\t<\/div>\n\t\t\t\t<\/div>","protected":false},"excerpt":{"rendered":"<p>FHG Reinigung GmbHMuseumstra\u00dfe 3b\/161070 Wien\u00d6sterreichTelefon: +43 660 848 53 75Web:\u00a0www.fhgreinigung.atE-Mail:\u00a0info@fhgreinigung.at Firmenbuchnummer: 600539xFirmenbuchgericht: Handelsgericht WienFirmensitz: WienUmsatzsteuer-Identifikationsnummer: \u2013Gesch\u00e4ftsf\u00fchrung: Ing. Michaela Dlh\u00e1, Ing. Jakub Dlh\u00fd Gewerbebeh\u00f6rde:Magistratisches Bezirksamt f\u00fcr den 6.\/7. BezirkTel: +43 1 4000 07000Fax: +43 1 4000 99 07220Web:\u00a0http:\/\/www.wien.gv.at\/mba\/E-Mail:\u00a0post@mba06.wien.gv.at\u00a0Unternehmensgegenstand:\u00b7 Dienstleistungen eines Netzingenieurs\u00b7 Kanalreinigung\u00b7 Kamerabefahrung und Inspektion Mitgliedschaften bei der Wirtschaftskammerorganisation<\/p>","protected":false},"author":1,"featured_media":0,"parent":0,"menu_order":0,"comment_status":"closed","ping_status":"closed","template":"","meta":{"ocean_post_layout":"","ocean_both_sidebars_style":"","ocean_both_sidebars_content_width":0,"ocean_both_sidebars_sidebars_width":0,"ocean_sidebar":"","ocean_second_sidebar":"","ocean_disable_margins":"enable","ocean_add_body_class":"","ocean_shortcode_before_top_bar":"","ocean_shortcode_after_top_bar":"","ocean_shortcode_before_header":"","ocean_shortcode_after_header":"","ocean_has_shortcode":"","ocean_shortcode_after_title":"","ocean_shortcode_before_footer_widgets":"","ocean_shortcode_after_footer_widgets":"","ocean_shortcode_before_footer_bottom":"","ocean_shortcode_after_footer_bottom":"","ocean_display_top_bar":"default","ocean_display_header":"default","ocean_header_style":"","ocean_center_header_left_menu":"","ocean_custom_header_template":"","ocean_custom_logo":0,"ocean_custom_retina_logo":0,"ocean_custom_logo_max_width":0,"ocean_custom_logo_tablet_max_width":0,"ocean_custom_logo_mobile_max_width":0,"ocean_custom_logo_max_height":0,"ocean_custom_logo_tablet_max_height":0,"ocean_custom_logo_mobile_max_height":0,"ocean_header_custom_menu":"","ocean_menu_typo_font_family":"","ocean_menu_typo_font_subset":"","ocean_menu_typo_font_size":0,"ocean_menu_typo_font_size_tablet":0,"ocean_menu_typo_font_size_mobile":0,"ocean_menu_typo_font_size_unit":"px","ocean_menu_typo_font_weight":"","ocean_menu_typo_font_weight_tablet":"","ocean_menu_typo_font_weight_mobile":"","ocean_menu_typo_transform":"","ocean_menu_typo_transform_tablet":"","ocean_menu_typo_transform_mobile":"","ocean_menu_typo_line_height":0,"ocean_menu_typo_line_height_tablet":0,"ocean_menu_typo_line_height_mobile":0,"ocean_menu_typo_line_height_unit":"","ocean_menu_typo_spacing":0,"ocean_menu_typo_spacing_tablet":0,"ocean_menu_typo_spacing_mobile":0,"ocean_menu_typo_spacing_unit":"","ocean_menu_link_color":"","ocean_menu_link_color_hover":"","ocean_menu_link_color_active":"","ocean_menu_link_background":"","ocean_menu_link_hover_background":"","ocean_menu_link_active_background":"","ocean_menu_social_links_bg":"","ocean_menu_social_hover_links_bg":"","ocean_menu_social_links_color":"","ocean_menu_social_hover_links_color":"","ocean_disable_title":"default","ocean_disable_heading":"default","ocean_post_title":"","ocean_post_subheading":"","ocean_post_title_style":"","ocean_post_title_background_color":"","ocean_post_title_background":0,"ocean_post_title_bg_image_position":"","ocean_post_title_bg_image_attachment":"","ocean_post_title_bg_image_repeat":"","ocean_post_title_bg_image_size":"","ocean_post_title_height":0,"ocean_post_title_bg_overlay":0.5,"ocean_post_title_bg_overlay_color":"","ocean_disable_breadcrumbs":"default","ocean_breadcrumbs_color":"","ocean_breadcrumbs_separator_color":"","ocean_breadcrumbs_links_color":"","ocean_breadcrumbs_links_hover_color":"","ocean_display_footer_widgets":"default","ocean_display_footer_bottom":"default","ocean_custom_footer_template":"","footnotes":""},"class_list":["post-921","page","type-page","status-publish","hentry","entry"],"_links":{"self":[{"href":"https:\/\/www.fhgreinigung.at\/en\/wp-json\/wp\/v2\/pages\/921","targetHints":{"allow":["GET"]}}],"collection":[{"href":"https:\/\/www.fhgreinigung.at\/en\/wp-json\/wp\/v2\/pages"}],"about":[{"href":"https:\/\/www.fhgreinigung.at\/en\/wp-json\/wp\/v2\/types\/page"}],"author":[{"embeddable":true,"href":"https:\/\/www.fhgreinigung.at\/en\/wp-json\/wp\/v2\/users\/1"}],"replies":[{"embeddable":true,"href":"https:\/\/www.fhgreinigung.at\/en\/wp-json\/wp\/v2\/comments?post=921"}],"version-history":[{"count":7,"href":"https:\/\/www.fhgreinigung.at\/en\/wp-json\/wp\/v2\/pages\/921\/revisions"}],"predecessor-version":[{"id":929,"href":"https:\/\/www.fhgreinigung.at\/en\/wp-json\/wp\/v2\/pages\/921\/revisions\/929"}],"wp:attachment":[{"href":"https:\/\/www.fhgreinigung.at\/en\/wp-json\/wp\/v2\/media?parent=921"}],"curies":[{"name":"wp","href":"https:\/\/api.w.org\/{rel}","templated":true}]}}